{"id":1855,"date":"2018-05-27T21:37:31","date_gmt":"2018-05-27T19:37:31","guid":{"rendered":"http:\/\/telldietzenbach.de\/?page_id=1855"},"modified":"2018-05-27T22:20:38","modified_gmt":"2018-05-27T20:20:38","slug":"datenschutz","status":"publish","type":"page","link":"https:\/\/telldietzenbach.de\/?page_id=1855","title":{"rendered":"Datenschutz"},"content":{"rendered":"<p><strong>Datenschutz<\/strong><\/p>\n<p><strong>Datenschutzerkl\u00e4rung<\/strong><\/p>\n<p>Name und Kontakt des Verantwortlichen gem\u00e4\u00df Artikel 4 Abs. 7 DSGVO<br \/>\nSch\u00fctzengesellschaft \u201eTell\u201c 1930 e.V. Dietzenbach, Raiffeisenstra\u00dfe 1, 63128 Dietzenbach<br \/>\nEmail: info@tell-schuetzen.de Telefon +49 (0) 6074 \/ 28514<\/p>\n<p>Vereinsregister: Amtsgericht Offenbach am Main \u2022 VR950<br \/>\nSparkasse Langen-Seligenstadt \u2022 IBAN: DE37506521240049003759<\/p>\n<p>Nach \u00a7 26 BGB vertreten durch:<\/p>\n<ol>\n<li>Vorsitzender, Oliver Weck, Raiffeisenstra\u00dfe 1, 63128 Dietzenbach<\/li>\n<\/ol>\n<p>Kein Datenschutzbeauftragte\/-r nach DSGVO erforderlich<\/p>\n<p><strong>Sicherheit und Schutz Ihrer personenbezogenen Daten <\/strong><\/p>\n<p>Wir betrachten es als unsere vorrangige Aufgabe, die Vertraulichkeit der von Ihnen bereitgestellten personenbezogenen Daten zu wahren und diese vor unbefugten Zugriffen zu sch\u00fctzen. Deshalb wenden wir \u00e4u\u00dferste Sorgfalt und modernste Sicherheitsstandards an, um einen maximalen Schutz Ihrer personenbezogenen Daten zu gew\u00e4hrleisten.<br \/>\nAls gemeinn\u00fctziger Verein unterliegen wir den Bestimmungen der europ\u00e4ischen Datenschutzgrund-verordnung (DSGVO) und den Regelungen des Bundesdatenschutzgesetzes (BDSG). Wir haben technische und organisatorische Ma\u00dfnahmen getroffen, die sicherstellen, dass die Vorschriften \u00fcber den Datenschutz sowohl von uns, als auch von unseren externen Dienstleistern beachtet werden.<br \/>\nErhebung und Speicherung personenbezogener Daten beim Besuch der Website<br \/>\nBeim Aufrufen unserer Website werden durch den auf Ihrem Endger\u00e4t zum Einsatz kommenden Browser automatisch Informationen an den Server unserer Website gesendet. Diese Informationen werden tempor\u00e4r in einem sogenannten Logfile gespeichert. Folgende Informationen werden dabei ohne Ihr Zutun erfasst und bis zur automatisierten L\u00f6schung gespeichert:<\/p>\n<ul>\n<li>IP-Adresse des anfragenden Rechners&nbsp;<br \/>\n\u2022 Datum und Uhrzeit des Zugriffs&nbsp;<br \/>\n\u2022 Name und URL der abgerufenen Datei&nbsp;<br \/>\n\u2022 Website, von der aus der Zugriff erfolgt (Referrer-URL)&nbsp;<br \/>\n\u2022 verwendeter Browser und ggf. das Betriebssystem Ihres Rechners&nbsp;<br \/>\n\u2022 Name Ihres Access-Providers.<\/li>\n<\/ul>\n<p>Die genannten Daten werden durch uns zu folgenden Zwecken verarbeitet:<br \/>\n\u2022 Gew\u00e4hrleistung eines reibungslosen Verbindungsaufbaus der Website&nbsp;<br \/>\n\u2022 Gew\u00e4hrleistung einer komfortablen Nutzung unserer Website&nbsp;<br \/>\n\u2022 Auswertung der Systemsicherheit und -stabilit\u00e4t&nbsp;<br \/>\n\u2022 weitere administrative Zwecke<\/p>\n<p>Die Rechtsgrundlage f\u00fcr die Datenverarbeitung ist Art. 6 Abs. 1 S. 1 lit. f DSGVO. Unser berechtigtes Interesse folgt aus oben aufgelisteten Zwecken zur Datenerhebung. In keinem Fall verwenden wir die erhobenen Daten zu dem Zweck, R\u00fcckschl\u00fcsse auf Ihre Person zu ziehen.<br \/>\nNutzung und Weitergabe personenbezogener Daten<br \/>\nPersonenbezogene Daten werden nur erhoben, wenn Sie uns diese freiwillig mitteilen. Wir erheben, verarbeiten und nutzen personenbezogene Daten, wie beispielsweise Name, Anschrift oder E-Mail-Adressen der Besucher der Webseite, ohne weitergehende Einwilligung nur, soweit sie f\u00fcr die Vertragsbegr\u00fcndung und -abwicklung erforderlich sind.<br \/>\nWir geben Ihre pers\u00f6nlichen Daten nur an Dritte weiter, wenn:<\/p>\n<ul>\n<li>Sie Ihre nach Art. 6 Abs. 1 S. 1 lit. a DSGVO ausdr\u00fcckliche Einwilligung dazu erteilt haben.&nbsp;<br \/>\n\u2022 die Weitergabe nach Art. 6 Abs. 1 S. 1 lit. f DSGVO zur Geltendmachung, Aus\u00fcbung oder Verteidigung von Rechtsanspr\u00fcchen erforderlich ist und kein Grund zur Annahme besteht, dass Sie ein \u00fcberwiegendes schutzw\u00fcrdiges Interesse an der Nichtweitergabe Ihrer Daten haben.&nbsp;<br \/>\n\u2022 eine gesetzliche Verpflichtung f\u00fcr die Weitergabe nach Art. 6 Abs. 1 S. 1 lit. c DSGVO besteht.&nbsp;<br \/>\n\u2022 dies gesetzlich zul\u00e4ssig und nach Art. 6 Abs. 1 S. 1 lit. b DSGVO f\u00fcr die Abwicklung von Vertragsverh\u00e4ltnissen mit Ihnen erforderlich ist.<\/li>\n<\/ul>\n<p><strong>Einsatz von Cookies<\/strong><\/p>\n<p>Zus\u00e4tzlich zu den zuvor genannten Daten werden bei der Nutzung unserer Website Cookies auf Ihrem Rechner gespeichert. Bei Cookies handelt es sich um kleine Textdateien, die auf Ihrer Festplatte dem von Ihnen verwendeten Browser zugeordnet gespeichert werden und durch welche der Stelle, die den Cookie setzt, bestimmte Informationen zuflie\u00dfen. Cookies k\u00f6nnen keine Programme ausfuhren oder Viren auf Ihren Computer \u00fcbertragen. Sie dienen dazu, das Internetangebot insgesamt nutzerfreundlicher und effektiver zu machen.<br \/>\nDiese Website nutzt folgende Arten von Cookies, deren Umfang und Funktionsweise im Folgenden erl\u00e4utert werden:<br \/>\n\u2013 Transiente Cookies (dazu siehe 1.)<br \/>\n\u2013 Persistente Cookies (dazu siehe 2.)<\/p>\n<ol>\n<li>Transiente Cookies werden automatisiert gel\u00f6scht, wenn Sie den Browser schlie\u00dfen. Dazu z\u00e4hlen insbesondere die Session-Cookies. Diese speichern eine sogenannte Session-ID, mit welcher sich verschiedene Anfragen Ihres Browsers der gemeinsamen Sitzung zuordnen lassen. Dadurch kann Ihr Rechner wiedererkannt werden, wenn Sie auf unsere Website zur\u00fcckkehren. Die Session-Cookies werden gel\u00f6scht, wenn Sie sich ausloggen oder den Browser schlie\u00dfen.<br \/>\n2. Persistente Cookies werden automatisiert nach einer vorgegeben Dauer gel\u00f6scht, die sich je nach Cookie unterscheiden kann. Sie k\u00f6nnen die Cookies in den Sicherheitseinstellungen Ihres Browsers jederzeit l\u00f6schen.<br \/>\n3. Sie k\u00f6nnen Ihre Browser-Einstellung entsprechend Ihren W\u00fcnschen konfigurieren und\u2028z. B. die Annahme von Third-Party-Cookies oder allen Cookies ablehnen. Sog. \u201eThird Party Cookies\u201c sind Cookies, die durch einen Dritten gesetzt wurden, folglich nicht durch die eigentliche Website auf der man sich gerade befindet. Wir weisen Sie darauf hin, dass Sie durch die Deaktivierung von Cookies eventuell nicht alle Funktionen dieser Website nutzen k\u00f6nnen.<br \/>\nBetroffenenrechte<br \/>\nSie haben das Recht:<br \/>\n\u2022 gem\u00e4\u00df Art. 15 DSGVO&nbsp;Auskunft&nbsp;\u00fcber Ihre von uns verarbeiteten personenbezogenen Daten zu verlangen.&nbsp;<br \/>\n\u2022 gem\u00e4\u00df Art. 16 DSGVO unverz\u00fcglich die&nbsp;Berichtigung unrichtiger oder Vervollst\u00e4ndigung Ihrer bei uns gespeicherten personenbezogenen Daten zu verlangen.&nbsp;<br \/>\n\u2022 gem\u00e4\u00df Art. 17 DSGVO die&nbsp;L\u00f6schung&nbsp;Ihrer bei uns gespeicherten personenbezogenen Daten zu verlangen.&nbsp;<br \/>\n\u2022 Ihr&nbsp;Widerrufsrecht&nbsp;gem\u00e4\u00df Art. 7 Abs. 3 DSGVO auszu\u00fcben.&nbsp;<br \/>\n\u2022 Ihr&nbsp;Beschwerderecht&nbsp;gem\u00e4\u00df Art. 77 DSGVO gegen\u00fcber der Aufsichtsbeh\u00f6rde auszu\u00fcben.<br \/>\n<strong><br \/>\nGoogle Maps und Google Fonts<\/strong><\/li>\n<\/ol>\n<p>Diese Internetseite verwendet Google Fonts und Google Maps, Dienste der Google Inc. Die Einbindung dieser Dienste erfolgt durch einen Serveraufruf, normalerweise ein Server von Google in den USA. Dadurch wird an den Server \u00fcbermittelt, welche Internseite Sie besucht haben. Zudem wird die IP-Adresse des Browsers des Endger\u00e4tes des Besuchers dieser Internetseite von Google gespeichert.<br \/>\nWeitere Informationen finden Sie in den Datenschutzhinweisen von Google, welche \u00fcber folgende Links abgerufen werden k\u00f6nnen:&nbsp;\u2028www.google.com\/fonts#AboutPlace:about&nbsp;\u2028www.google.com\/policies\/privacy\/&nbsp;<br \/>\n&nbsp;<br \/>\n<strong>Stand und Aktualisierung dieser Datenschutzerkl\u00e4rung&nbsp;<\/strong><\/p>\n<p>Diese Datenschutzerkl\u00e4rung hat den Stand vom 27. Mai 2018. Wir behalten uns vor, die Datenschutzerkl\u00e4rung zu gegebener Zeit zu aktualisieren, um den Datenschutz zu verbessern und\/oder an ge\u00e4nderte Beh\u00f6rdenpraxis oder Rechtsprechung anzupassen.<\/p>\n<p>&nbsp;<\/p>\n","protected":false},"excerpt":{"rendered":"<p>Datenschutz Datenschutzerkl\u00e4rung Name und Kontakt des Verantwortlichen gem\u00e4\u00df Artikel 4 Abs. 7 DSGVO Sch\u00fctzengesellschaft \u201eTell\u201c 1930 e.V. Dietzenbach, Raiffeisenstra\u00dfe 1, 63128 Dietzenbach Email: info@tell-schuetzen.de Telefon +49 (0) 6074 \/ 28514 Vereinsregister: Amtsgericht Offenbach am Main \u2022 VR950 Sparkasse Langen-Seligenstadt \u2022<\/p>\n","protected":false},"author":1,"featured_media":0,"parent":0,"menu_order":0,"comment_status":"closed","ping_status":"closed","template":"","meta":{"ngg_post_thumbnail":0,"footnotes":""},"class_list":["post-1855","page","type-page","status-publish","hentry"],"_links":{"self":[{"href":"https:\/\/telldietzenbach.de\/index.php?rest_route=\/wp\/v2\/pages\/1855","targetHints":{"allow":["GET"]}}],"collection":[{"href":"https:\/\/telldietzenbach.de\/index.php?rest_route=\/wp\/v2\/pages"}],"about":[{"href":"https:\/\/telldietzenbach.de\/index.php?rest_route=\/wp\/v2\/types\/page"}],"author":[{"embeddable":true,"href":"https:\/\/telldietzenbach.de\/index.php?rest_route=\/wp\/v2\/users\/1"}],"replies":[{"embeddable":true,"href":"https:\/\/telldietzenbach.de\/index.php?rest_route=%2Fwp%2Fv2%2Fcomments&post=1855"}],"version-history":[{"count":2,"href":"https:\/\/telldietzenbach.de\/index.php?rest_route=\/wp\/v2\/pages\/1855\/revisions"}],"predecessor-version":[{"id":1858,"href":"https:\/\/telldietzenbach.de\/index.php?rest_route=\/wp\/v2\/pages\/1855\/revisions\/1858"}],"wp:attachment":[{"href":"https:\/\/telldietzenbach.de\/index.php?rest_route=%2Fwp%2Fv2%2Fmedia&parent=1855"}],"curies":[{"name":"wp","href":"https:\/\/api.w.org\/{rel}","templated":true}]}}