{"id":186,"date":"2016-08-11T15:05:43","date_gmt":"2016-08-11T13:05:43","guid":{"rendered":"http:\/\/telldietzenbach.de\/?page_id=186"},"modified":"2024-11-05T19:35:14","modified_gmt":"2024-11-05T18:35:14","slug":"downloadbreich","status":"publish","type":"page","link":"https:\/\/telldietzenbach.de\/?page_id=186","title":{"rendered":"Infothek"},"content":{"rendered":"<p><strong>Allgemein<\/strong><\/p>\n<ul>\n<li><a  data-e-Disable-Page-Transition=\"true\" class=\"download-link\" title=\"\" href=\"https:\/\/telldietzenbach.de?download=501&amp;tmstv=1779020934\" rel=\"nofollow\" id=\"download-link-501\" data-redirect=\"false\" >\n\tAufnahmeantrag\t(2403 Downloads\t)\n<\/a>\n <!-- Aufnahmeantrag --><\/li>\n<li><a  data-e-Disable-Page-Transition=\"true\" class=\"download-link\" title=\"\" href=\"https:\/\/telldietzenbach.de?download=256&amp;tmstv=1779020934\" rel=\"nofollow\" id=\"download-link-256\" data-redirect=\"false\" >\n\tInfo Flyer\t(1577 Downloads\t)\n<\/a>\n <!-- Info Flyer --><\/li>\n<li>Satzung<\/li>\n<li>Gesch\u00e4ftsordnung<\/li>\n<li><a  data-e-Disable-Page-Transition=\"true\" class=\"download-link\" title=\"Version\u00a02019\/08\" href=\"https:\/\/telldietzenbach.de?download=2716&amp;tmstv=1779020934\" rel=\"nofollow\" id=\"download-link-2716\" data-redirect=\"false\" >\n\tEinverst\u00e4ndniserkl\u00e4rung Erziehungsberechtigter_2019\t(1550 Downloads\t)\n<\/a>\n<\/li>\n<li><a href=\"https:\/\/telldietzenbach.de\/?page_id=1815\">Schulungsunterlagen<\/a>*<\/li>\n<\/ul>\n<p><strong>Sportschie\u00dfen durch Minderj\u00e4hrige<\/strong><\/p>\n<ul>\n<li>Alters\u00fcbersicht<strong>**<\/strong><\/li>\n<li><a  data-e-Disable-Page-Transition=\"true\" class=\"download-link\" title=\"Version\u00a02019\/08\" href=\"https:\/\/telldietzenbach.de?download=2716&amp;tmstv=1779020934\" rel=\"nofollow\" id=\"download-link-2716\" data-redirect=\"false\" >\n\tEinverst\u00e4ndniserkl\u00e4rung Erziehungsberechtigter_2019\t(1550 Downloads\t)\n<\/a>\n<\/li>\n<\/ul>\n<p>Weiterf\u00fchrende Informationen \u00fcber das Waffenrecht und Sportschie\u00dfen durch Minderj\u00e4hrige auf der Seite des Sch\u00fctzenbezirk 34 Offenbach unter&nbsp;<a href=\"http:\/\/www.bezirk34.de\/?page_id=63\">www.bezirk34.de<\/a>&nbsp;zu finden.<\/p>\n<p>* Passwort Gesch\u00fctzerbereich<\/p>\n<p><strong>** externe Links<\/strong><\/p>\n","protected":false},"excerpt":{"rendered":"<p>Allgemein Satzung Gesch\u00e4ftsordnung Schulungsunterlagen* Sportschie\u00dfen durch Minderj\u00e4hrige Alters\u00fcbersicht** Weiterf\u00fchrende Informationen \u00fcber das Waffenrecht und Sportschie\u00dfen durch Minderj\u00e4hrige auf der Seite des Sch\u00fctzenbezirk 34 Offenbach unter&nbsp;www.bezirk34.de&nbsp;zu finden. * Passwort Gesch\u00fctzerbereich ** externe Links<\/p>\n","protected":false},"author":1,"featured_media":0,"parent":0,"menu_order":0,"comment_status":"closed","ping_status":"closed","template":"","meta":{"ngg_post_thumbnail":0,"footnotes":""},"class_list":["post-186","page","type-page","status-publish","hentry"],"_links":{"self":[{"href":"https:\/\/telldietzenbach.de\/index.php?rest_route=\/wp\/v2\/pages\/186","targetHints":{"allow":["GET"]}}],"collection":[{"href":"https:\/\/telldietzenbach.de\/index.php?rest_route=\/wp\/v2\/pages"}],"about":[{"href":"https:\/\/telldietzenbach.de\/index.php?rest_route=\/wp\/v2\/types\/page"}],"author":[{"embeddable":true,"href":"https:\/\/telldietzenbach.de\/index.php?rest_route=\/wp\/v2\/users\/1"}],"replies":[{"embeddable":true,"href":"https:\/\/telldietzenbach.de\/index.php?rest_route=%2Fwp%2Fv2%2Fcomments&post=186"}],"version-history":[{"count":22,"href":"https:\/\/telldietzenbach.de\/index.php?rest_route=\/wp\/v2\/pages\/186\/revisions"}],"predecessor-version":[{"id":4118,"href":"https:\/\/telldietzenbach.de\/index.php?rest_route=\/wp\/v2\/pages\/186\/revisions\/4118"}],"wp:attachment":[{"href":"https:\/\/telldietzenbach.de\/index.php?rest_route=%2Fwp%2Fv2%2Fmedia&parent=186"}],"curies":[{"name":"wp","href":"https:\/\/api.w.org\/{rel}","templated":true}]}}