{"id":3593,"date":"2022-08-25T13:46:10","date_gmt":"2022-08-25T11:46:10","guid":{"rendered":"https:\/\/telldietzenbach.de\/?page_id=3593"},"modified":"2022-10-16T18:33:27","modified_gmt":"2022-10-16T16:33:27","slug":"blasrohr","status":"publish","type":"page","link":"https:\/\/telldietzenbach.de\/?page_id=3593","title":{"rendered":"Blasrohr bei den Tell Sch\u00fctzen"},"content":{"rendered":"\n<h2 class=\"wp-block-heading\"><strong>Blasrohr-Schie\u00dfen \u2013 eine Disziplin f\u00fcr Jung und Alt<\/strong><\/h2>\n\n\n\n<p>Blasrohr-Schie\u00dfen ist in aller Munde, auch die Tell Sch\u00fctzen bieten diese neue Disziplin an. <\/p>\n\n\n\n<p>Neben jeder Menge Spa\u00df und auch Disziplin hat das Blasrohr-Schie\u00dfen stetigen Zuwachs&nbsp;und auch positive Aspekte zu bieten. <\/p>\n\n\n\n<p>Es ist eine attraktive Sportart f\u00fcr alle Altersklassen so k\u00f6nnen auf Grund der einheitlichen Regel alle gemeinsam dem Hobby nachgehen. Blasrohr-Schie\u00dfen ist der perfekte Familiensport. Alle k\u00f6nnen sich gemeinsam beim Blasrohr-Schie\u00dfen vergn\u00fcgen.<\/p>\n\n\n\n<div class=\"wp-block-columns is-layout-flex wp-container-core-columns-is-layout-9d6595d7 wp-block-columns-is-layout-flex\">\n<div class=\"wp-block-column is-layout-flow wp-block-column-is-layout-flow\" style=\"flex-basis:100%\">\n<figure class=\"wp-block-table\"><table class=\"has-fixed-layout\"><thead><tr><th>&#8222;Vorteil Blasrohr&#8220;<\/th><th>Wie kann ich mit machen<\/th><\/tr><\/thead><tbody><tr><td><strong>keine Altersgrenzen<\/strong> &#8211; Sport und Spa\u00df f\u00fcr die ganze Familie<\/td><td><strong>Trainingszeiten <\/strong>&#8211; Freitags zwischen 17:00 Uhr und 18:30 Uhr sowie Dienstags nach Absprache<\/td><\/tr><tr><td><strong>kosteng\u00fcnstige Ausr\u00fcstung <\/strong>&#8211; komplette Ausstattung unter 40 \u20ac <\/td><td><strong>Ansprechpartner <\/strong>&#8211; Oliver Weck -0151 15165157 oder vorsitzender@tell-schuetzen.de<\/td><\/tr><tr><td><strong>keine Rechtlichen Vorgaben<\/strong> &#8211; Blasrohr-Schie\u00dfen \u00fcberall m\u00f6glich<\/td><td>*<strong> Voranmeldung erw\u00fcnscht!<\/strong><br><\/td><\/tr><tr><td><strong>Gesundheit <\/strong>&#8211; Blasrohr-Schie\u00dfen f\u00f6rdert Konzentration und das Lungenvolumen. <\/td><td><\/td><\/tr><tr><td><strong>Inklusion <\/strong>&#8211; auch f\u00fcr Personen mit Handicap sehr gut geeignet<\/td><td><\/td><\/tr><tr><td><strong>Geeignet f\u00fcr Veranstaltungen<\/strong> &#8211; Stadtfeste Sportfeste etc. eignen sich f\u00fcr Vorf\u00fchrungen<\/td><td><\/td><\/tr><\/tbody><\/table><\/figure>\n\n\n<a  data-e-Disable-Page-Transition=\"true\" class=\"download-link\" title=\"\" href=\"https:\/\/telldietzenbach.de?download=3632&amp;tmstv=1779020931\" rel=\"nofollow\" id=\"download-link-3632\" data-redirect=\"false\" >\n\tBlasrohr\t(1683 Downloads\t)\n<\/a>\n\n<\/div>\n<\/div>\n\n\n\n<p><\/p>\n","protected":false},"excerpt":{"rendered":"<p>Blasrohr-Schie\u00dfen \u2013 eine Disziplin f\u00fcr Jung und Alt Blasrohr-Schie\u00dfen ist in aller Munde, auch die Tell Sch\u00fctzen bieten diese neue Disziplin an. Neben jeder Menge Spa\u00df und auch Disziplin hat das Blasrohr-Schie\u00dfen stetigen Zuwachs&nbsp;und auch positive Aspekte zu bieten. Es<\/p>\n","protected":false},"author":1,"featured_media":0,"parent":0,"menu_order":0,"comment_status":"closed","ping_status":"closed","template":"","meta":{"ngg_post_thumbnail":0,"footnotes":""},"class_list":["post-3593","page","type-page","status-publish","hentry"],"_links":{"self":[{"href":"https:\/\/telldietzenbach.de\/index.php?rest_route=\/wp\/v2\/pages\/3593","targetHints":{"allow":["GET"]}}],"collection":[{"href":"https:\/\/telldietzenbach.de\/index.php?rest_route=\/wp\/v2\/pages"}],"about":[{"href":"https:\/\/telldietzenbach.de\/index.php?rest_route=\/wp\/v2\/types\/page"}],"author":[{"embeddable":true,"href":"https:\/\/telldietzenbach.de\/index.php?rest_route=\/wp\/v2\/users\/1"}],"replies":[{"embeddable":true,"href":"https:\/\/telldietzenbach.de\/index.php?rest_route=%2Fwp%2Fv2%2Fcomments&post=3593"}],"version-history":[{"count":9,"href":"https:\/\/telldietzenbach.de\/index.php?rest_route=\/wp\/v2\/pages\/3593\/revisions"}],"predecessor-version":[{"id":3658,"href":"https:\/\/telldietzenbach.de\/index.php?rest_route=\/wp\/v2\/pages\/3593\/revisions\/3658"}],"wp:attachment":[{"href":"https:\/\/telldietzenbach.de\/index.php?rest_route=%2Fwp%2Fv2%2Fmedia&parent=3593"}],"curies":[{"name":"wp","href":"https:\/\/api.w.org\/{rel}","templated":true}]}}