{"id":69,"date":"2016-08-09T20:22:00","date_gmt":"2016-08-09T18:22:00","guid":{"rendered":"http:\/\/telldietzenbach.de\/?page_id=69"},"modified":"2024-11-05T19:34:59","modified_gmt":"2024-11-05T18:34:59","slug":"pistole","status":"publish","type":"page","link":"https:\/\/telldietzenbach.de\/?page_id=69","title":{"rendered":"Pistole"},"content":{"rendered":"<p><strong>Ansprechpartner<\/strong><\/p>\n<ul>\n<li>Luftpistole:<\/li>\n<li>Luftpistole Auflage:<\/li>\n<li>Kleinkaliber:<\/li>\n<li>Gro\u00dfkaliber:<\/li>\n<\/ul>\n<p><a href=\"https:\/\/telldietzenbach.de\/?page_id=64\">Trainingszeiten<\/a><\/p>\n<p><strong>Disziplin<\/strong><\/p>\n<p><a href=\"#2.10\">2.10 Luftpistole<\/a><br \/><a href=\"#2.11\">2.11 Luftpistole Auflage<\/a><br \/><a href=\"#2.20\">2.20 Freie Pistole<\/a><br \/><a href=\"#2.30\">2.30 Schnellfeuerpistole<\/a><br \/><a href=\"#2.40\">2.40 Sportpistole<\/a><br \/><a href=\"#2.45\">2.45 Zentralfeuerpistole<\/a><br \/><a href=\"#2.53\">2.53 Pistole 9 mm<\/a><br \/><a href=\"#2.55\">2.55 Revolver .357<\/a><br \/><a href=\"#2.60\">2.60 Standardpistole<\/a><\/p>\n<p>Altersfreigaben *Die Alterserlaubnisse sind gesetzliche Vorschriften, es gibt keine Ausnahmen<\/p>\n<p><a id=\"2.10\"><\/a><br \/><strong>2.10 Luftpistole<\/strong><\/p>\n<ul>\n<li><strong>Waffe:<\/strong> Luftpistole (4,5mm \/.177 ), maximale \u00e4u\u00dfere Ma\u00dfe 200mm H\u00f6he, 420 mm L\u00e4nge und 50 mm Breite, Gewicht maximal 1,5 kg inkl. Laufbeschwerung, Abzugsgewicht mindestens 500 g, kein Stecherabz\u00fcge, Mehrlader d\u00fcrfen nur als Einzellader erwendet werden<\/li>\n<li><strong>Munition:<\/strong> handels\u00fcbliche Diabolos in beliebiger Form mit einem Durschmesser von 4,5mm<\/li>\n<li><strong>Scheiben:<\/strong> Durchmesser der 10 = 11,5 mm, der Ringe 1 bis 9 = je 8mm<\/li>\n<li><strong>Entfernung:<\/strong> 10m<\/li>\n<li><strong>Anschlag:<\/strong> stehend freih\u00e4ndig<\/li>\n<li><strong>Programme:<\/strong> 20 Schuss in 40 Minuten, 40 Schuss in 60 Minuten, 60 Schuss in 90 Minuten<\/li>\n<\/ul>\n<table>\n<tbody>\n<tr>\n<th>Altersklasse<\/th>\n<th>Schuss<\/th>\n<th>Minuten<\/th>\n<\/tr>\n<tr>\n<td>Sch\u00fcler<\/td>\n<td>20<\/td>\n<td>30<\/td>\n<\/tr>\n<tr>\n<td>Jugend<\/td>\n<td>40<\/td>\n<td>60<\/td>\n<\/tr>\n<tr>\n<td>Junioren A+B<\/td>\n<td>40<\/td>\n<td>60<\/td>\n<\/tr>\n<tr>\n<td>Herren + Damen<\/td>\n<td>40<\/td>\n<td>60<\/td>\n<\/tr>\n<tr>\n<td>Altersklasse<\/td>\n<td>40<\/td>\n<td>60<\/td>\n<\/tr>\n<tr>\n<td>Senioren<\/td>\n<td>40<\/td>\n<td>60<\/td>\n<\/tr>\n<\/tbody>\n<\/table>\n<ul>\n<li><strong>Anmerkung:<\/strong> ab Deutscher Meisterschaft schie\u00dfen M\u00e4nner &amp; Junioren (m\u00e4nnlich) 60 Schuss<\/li>\n<li><strong>Alter:<\/strong> ab 12 Jahren (Sch\u00fclerklasse)<\/li>\n<li><strong>Olympische Disziplin:<\/strong> Ja, f\u00fcr Frauen und M\u00e4nner<\/li>\n<\/ul>\n<p><a id=\"2.11\"><\/a><br \/><strong>2.11 Luftpistole Auflage<\/strong><\/p>\n<ul>\n<li><strong>Waffe:<\/strong> Luftpistole (4,5mm \/.177 ), maximale \u00e4u\u00dfere Ma\u00dfe 200mm H\u00f6he, 420 mm L\u00e4nge und 50 mm Breite, Gewicht maximal 1,5 kg inkl. Laufbeschwerung, Abzugsgewicht mindestens 500 g, kein Stecherabz\u00fcge, Mehrlader d\u00fcrfen nur als Einzellader erwendet werden<\/li>\n<li><strong>Munition:<\/strong> handels\u00fcbliche Diabolos in beliebiger Form mit einem Durschmesser von 4,5mm<\/li>\n<li><strong>Scheiben:<\/strong> Durchmesser der 10 = 11,5 mm, der Ringe 1 bis 9 = je 8mm<\/li>\n<li><strong>Entfernung:<\/strong> 10m<\/li>\n<li><strong>Anschlag:<\/strong> je Seniorenklasse stehend oder sitzend aufgelegt<\/li>\n<li><strong>Programm:<\/strong> 30 Schuss in 45 Minuten<\/li>\n<li><strong>Alter:<\/strong> ab 56 Jahren (Seniorenklasse)<\/li>\n<li><strong>Olympische Disziplin:<\/strong> Nein<\/li>\n<\/ul>\n<p><strong>2.20 Freie Pistole<\/strong><\/p>\n<ul>\n<li><strong>Waffen:<\/strong> alle Pistolen &amp; Revolver im Kaliber (.22lfb\/lr), Mehrlader d\u00fcrfen nur als Einzellader verwendet werden. Der Griff darf nicht \u00fcber das Handgelenk hinausragen und so als St\u00fctze dienen<\/li>\n<li><strong>Munition:<\/strong> .22 lfb \/ lr<\/li>\n<li><strong>Scheiben:<\/strong> 10er Ring = 50 mm, Ringe 1 bis 9 je 25 mm<\/li>\n<li><strong>Entfernung:<\/strong> 25 m<\/li>\n<li><strong>Anschlag:<\/strong> stehend freih\u00e4ndig<\/li>\n<li><strong>Programm:<\/strong> 60 Schuss in 120 Minuten oder 40 Schuss in 90 Minuten inklusive Probesch\u00fcsse<\/li>\n<li><strong>Alter: <\/strong>Alter: ab 14 Jahren (Jugendklasse)<\/li>\n<li><strong>Olympische Disziplin:<\/strong> Ja, nur f\u00fcr M\u00e4nner<\/li>\n<\/ul>\n<p><a id=\"2.30\"><\/a><br \/><strong>2.30 Schnellfeuerpistole<\/strong><\/p>\n<ul>\n<li><strong>Waffen:<\/strong> zugelassen sind selbstladende Pistolen mit einem H\u00f6chstgewicht von 1400 g, die den Sicherheitsvorschriften entsprechen, die Abmessungen der Waffe m\u00fcssen so sein, dass sie in einen Pr\u00fcfkasten mit den lichten Innenma\u00dfen 300 mm x 150 mm x 50 mm eingelegt werden kann, Abzugswiderstand<br \/>1000 g<\/li>\n<li><strong>Munition:<\/strong> Kaliber .22 lfb \/ lr (5,6 mm), Geschossgewicht min. 2,53g = 39 Grain und einer M\u00fcndungsgeschwindigleit von min. 250 m\/s<\/li>\n<li><strong>Scheiben:<\/strong> f\u00fcnf Scheiben nebeneinander stehend mit einem Abstand von 75 cm zwischen den Scheibenachsen, die H\u00f6he des Scheibenzentrums betr\u00e4gt \u2013 gemessen vom Boden des Sch\u00fctzenstandes \u2013 140 cm \u00b1 10 cm, die Scheibe ist schwarz und ist in sechs Bewertungszonen unterteilt, der Durchmesser der 10 = 100 mm, der Ringe 5 bis 9 = je 40 mm, die Scheibendrehung erfolgt automatisch und ist in der jeweiligen Serie f\u00fcr den Sch\u00fctzen sichtbar<\/li>\n<li><strong>Entfernung:<\/strong> 25 m<\/li>\n<li><strong>Anschlag:<\/strong> stehend freih\u00e4ndig (Fertighaltung*)<\/li>\n<li><strong>Programm:<\/strong> 60 Schuss, zwei Halbprogrammen \u00e0 30 Schuss, das Halbprogramm gliedert sich in sechs Serien \u00e0 f\u00fcnf Schuss, je zwei hiervon innerhalb 8, 6 und 4 Sekunden, vor jedem Halbprogramm eine Serie in 8 Sekunden m\u00f6glich<\/li>\n<li><strong>Alter:<\/strong> ab 16 Jahren (Juniorenklasse B m\u00e4nnlich [ab Jugendklasse m\u00f6glich])<\/li>\n<li><strong>Olympische Disziplin:<\/strong> Ja, nur f\u00fcr M\u00e4nner<\/li>\n<\/ul>\n<p><strong>*Fertighaltung:<\/strong> Der Sch\u00fctze senkt den Arm um mindestens 45 Grad aus der Waagerechten. In dieser Haltung erwartet der Sch\u00fctze das Zudrehen der Scheibe\/n oder das Signal zum schie\u00dfen, ohne den Arm zu beugen oder zu bewegen, Sobald sich die Scheibe\/n in Richtung des Sch\u00fctzen drehen, darf der Sch\u00fctze die Pistole bewegen.<\/p>\n<p><a id=\"2.40\"><\/a><br \/><strong>2.40 Sportpistole<\/strong><\/p>\n<ul>\n<li><strong>Waffen:<\/strong> zugelassen sind selbstladende Pistolen mit einem H\u00f6chstgewicht von 1400 g, die den Sicherheitsvorschriften entsprechen, die Abmessungen der Waffe m\u00fcssen so sein, dass sie in einen Pr\u00fcfkasten mit den lichten Innenma\u00dfen 300 mm x 150 mm x 50 mm eingelegt werden kann, Abzugswiderstand<br \/>1000 g<\/li>\n<li><strong>Munition:<\/strong> .22 lfb \/ lr (Randfeuer)<\/li>\n<li><strong>Scheiben:<\/strong> f\u00fcr Pr\u00e4zisionsbedingung ist die Scheibe wie im Wettbewerb Freie Pistole 50 m, f\u00fcr Duell wie im Wettbewerb Olympische Schnellfeuerpistole 25 m<\/li>\n<li><strong>Entfernung:<\/strong> 25 m<\/li>\n<li><strong>Anschlag:<\/strong> stehend freih\u00e4ndig, Duell (Fertighaltung*)<\/li>\n<li><strong>Programm:<\/strong> Das Wettkampfprogramm besteht aus je einem Durchgang Pr\u00e4zision- und Duellschie\u00dfen zu je 30 Schuss.<br \/>a) Pr\u00e4zisionsschie\u00dfen: sechs Serien zu je f\u00fcnf Schuss in f\u00fcnf Minuten<br \/>b) Duellschie\u00dfen: f\u00fcr jede der sechs Serien zu je f\u00fcnf Schuss werden die Scheiben f\u00fcnfmal f\u00fcr je drei Sekunden dem Sch\u00fctzen zugedreht und f\u00fcr jeweils sieben Sekunden weggedrehtBei jeder Zudrehung der Scheibe darf nur ein Schuss abgegeben werden. Die Schie\u00dfzeit wird vom Augenblick des Zudrehens bis zum Augenblick des Wegdrehens der Scheibe gerechnet.<\/li>\n<li><strong>Alter:<\/strong> ab 14 Jahren (Jugendklasse)<\/li>\n<li><strong>Olympische Disziplin:<\/strong> Ja, nur f\u00fcr Frauen<\/li>\n<\/ul>\n<p><strong>*Fertighaltung:<\/strong> Der Sch\u00fctze senkt den Arm um mindestens 45 Grad aus der Waagerechten. In dieser Haltung erwartet der Sch\u00fctze das Zudrehen der Scheibe\/n oder das Signal zum schie\u00dfen, ohne den Arm zu beugen oder zu bewegen, Sobald sich die Scheibe\/n in Richtung des Sch\u00fctzen drehen, darf der Sch\u00fctze die Pistole bewegen.<\/p>\n<p><a id=\"2.45\"><\/a><br \/><strong>2.45 Zentralfeuerpistole<\/strong><\/p>\n<ul>\n<li><strong>Waffen:<\/strong> zugelassen sind Revolver und selbstladende Pistolen, die den Sicherheitsvorschriften entsprechen, Laufl\u00e4nge, H\u00f6chstgewicht und Abzugswiderstand wie Sportpistole Kleinkaliber<\/li>\n<li><strong>Munition:<\/strong> .32 (Wadcutter) \/ .38<\/li>\n<li><strong>Scheiben:<\/strong> wie Sportpistole Kleinkaliber<\/li>\n<li><strong>Entfernung:<\/strong> 25 m<\/li>\n<li><strong>Anschlag:<\/strong> wie Sportpistole Kleinkaliber<\/li>\n<li><strong>Programm:<\/strong> wie Sportpistole Kleinkaliber<\/li>\n<li><strong>Alter:<\/strong> ab 18 Jahren (Herrenklasse [ab Juniorenklasse A m\u00f6glich])<\/li>\n<li><strong>Olympische Disziplin:<\/strong> Nein<\/li>\n<\/ul>\n<p><strong>*Fertighaltung:<\/strong> Der Sch\u00fctze senkt den Arm um mindestens 45 Grad aus der Waagerechten. In dieser Haltung erwartet der Sch\u00fctze das Zudrehen der Scheibe\/n oder das Signal zum schie\u00dfen, ohne den Arm zu beugen oder zu bewegen, Sobald sich die Scheibe\/n in Richtung des Sch\u00fctzen drehen, darf der Sch\u00fctze die Pistole bewegen.<\/p>\n<p><a id=\"2.53\"><\/a><br \/><strong>2.53 Pistole 9mm<\/strong><\/p>\n<ul>\n<li><strong>Waffe:<\/strong> Pistole 9mm; zugelassen sind Pistolen in verschiedenen Wertungsklassen mit einem Maximalgewicht von 1500 g, Abzugsgewicht mindestens 1000 g, Magazinkapazit\u00e4t mindestens f\u00fcnf Patronen<\/li>\n<li><strong>Munition:<\/strong> handels\u00fcbliche (auch selbstgeladene) Munition, die den geforderten Mindestimpuls (MIP) erreicht, die Munition muss waffentypisch sein (das hei\u00dft f\u00fcr Pistolen Patronen ohne Rand, f\u00fcr Revolver Patronen mit Rand)<\/li>\n<li><strong>Entfernung:<\/strong> 25 m<\/li>\n<li><strong>Scheiben:<\/strong> Dreh- oder Standscheiben<\/li>\n<li><strong>Anschlag:<\/strong> stehend freih\u00e4ndig, die Waffe darf mit zwei H\u00e4nden gehalten werden, es darf im Voranschlag geschossen werden<\/li>\n<li><strong>Programme:<\/strong><br \/>a) 40 Schuss bestehend aus zwei Durchg\u00e4ngen zu je 20 Schuss, vier Serien \u00e0 f\u00fcnf Schuss in je 150 Sekunden \u2013 Scheibe wie Freie Pistole 50 m<br \/>b) vier Serien \u00e0 f\u00fcnf Schuss in je 20 Sekunden \u2013 Scheibe wie Olympische Schnellfeuerpistole 25 m<br \/>Die sechs besten Sch\u00fctzen bestreiten den Endkampf.<\/li>\n<li><strong>Alter:<\/strong> ab 18 Jahren (Herrenklasse [ab Juniorenklasse A m\u00f6glich])<\/li>\n<li><strong>Olympische Disziplin:<\/strong> Nein<\/li>\n<\/ul>\n<p><a id=\"2.55\"><\/a><br \/><strong>2.55 Revolver .357 Magnum<\/strong><\/p>\n<ul>\n<li><strong>Waffe:<\/strong> .357 Mag Revolver in verschiedenen Wertungsklassen mit einem Maximalgewicht von 1500 g, Abzugsgewicht mindestens 1000 g, Trommelkapazit\u00e4t mindestens f\u00fcnf Patronen<\/li>\n<li><strong>Munition:<\/strong> handels\u00fcbliche (auch selbstgeladene) Munition, die den geforderten Mindestimpuls (MIP) erreicht, die Munition muss waffentypisch sein (das hei\u00dft f\u00fcr Pistolen Patronen ohne Rand, f\u00fcr Revolver Patronen mit Rand)<\/li>\n<li><strong>Entfernung:<\/strong> 25 m<\/li>\n<li><strong>Scheiben:<\/strong> Dreh- oder Standscheiben<\/li>\n<li><strong>Anschlag:<\/strong> stehend freih\u00e4ndig, die Waffe darf mit zwei H\u00e4nden gehalten werden, es darf im Voranschlag geschossen werden<\/li>\n<li><strong>Programme:<\/strong><br \/>a) 40 Schuss bestehend aus zwei Durchg\u00e4ngen zu je 20 Schuss, vier Serien \u00e0 f\u00fcnf Schuss in je 150 Sekunden \u2013 Scheibe wie Freie Pistole 50 m<br \/>b) vier Serien \u00e0 f\u00fcnf Schuss in je 20 Sekunden \u2013 Scheibe wie Olympische Schnellfeuerpistole 25 m<br \/>Die sechs besten Sch\u00fctzen bestreiten den Endkampf.<\/li>\n<li><strong>Alter:<\/strong> ab 18 Jahren (Herrenklasse [ab Juniorenklasse A m\u00f6glich])<\/li>\n<li><strong>Olympische Disziplin:<\/strong> Nein<\/li>\n<\/ul>\n<p><a id=\"2.60\"><\/a><br \/><strong>2.60 Standardpistole<\/strong><\/p>\n<ul>\n<li><strong>Waffen:<\/strong> Sportpistole (.22)<\/li>\n<li><strong>Munition:<\/strong> .22 lfb \/ lr (Randfeuer)<\/li>\n<li><strong>Scheiben:<\/strong> 10er Ring = 50 mm, Ringe 1 bis 9 je 25 mm<\/li>\n<li><strong>Entfernung:<\/strong> 25 m<\/li>\n<li><strong>Anschlag:<\/strong>stehend freih\u00e4ndig (Fertighaltung*), in der 150-Sekunden-Serie ist der Voranschlag erlaubt<\/li>\n<li><strong>Programm:<\/strong> 60 Schuss in drei aufeinanderfolgenden Durchg\u00e4ngen von je 20 Schuss, jeder Durchgang besteht aus vier Serien \u00e0 f\u00fcnf Schuss in der Reihenfolge 4 x 5 Schuss in 150 Sekunden, 4 x 5 Schuss in 20 Sekunden, 4 x 5 Schuss in 10 Sekunden<\/li>\n<li><strong>Alter:<\/strong> ab 21 Jahren (Herrenklasse [ab Juniorenklasse B m\u00f6glich])<\/li>\n<li><strong>Olympische Disziplin:<\/strong> Nein<\/li>\n<\/ul>\n<p><strong>*Fertighaltung:<\/strong> Der Sch\u00fctze senkt den Arm um mindestens 45 Grad aus der Waagerechten. In dieser Haltung erwartet der Sch\u00fctze das Zudrehen der Scheibe\/n oder das Signal zum schie\u00dfen, ohne den Arm zu beugen oder zu bewegen, Sobald sich die Scheibe\/n in Richtung des Sch\u00fctzen drehen, darf der Sch\u00fctze die Pistole bewegen.<\/p>\n\n\n<p><\/p>\n","protected":false},"excerpt":{"rendered":"<p>Ansprechpartner Luftpistole: Luftpistole Auflage: Kleinkaliber: Gro\u00dfkaliber: Trainingszeiten Disziplin 2.10 Luftpistole2.11 Luftpistole Auflage2.20 Freie Pistole2.30 Schnellfeuerpistole2.40 Sportpistole2.45 Zentralfeuerpistole2.53 Pistole 9 mm2.55 Revolver .3572.60 Standardpistole Altersfreigaben *Die Alterserlaubnisse sind gesetzliche Vorschriften, es gibt keine Ausnahmen 2.10 Luftpistole Waffe: Luftpistole (4,5mm \/.177 ),<\/p>\n","protected":false},"author":1,"featured_media":0,"parent":77,"menu_order":0,"comment_status":"closed","ping_status":"closed","template":"","meta":{"ngg_post_thumbnail":0,"footnotes":""},"class_list":["post-69","page","type-page","status-publish","hentry"],"_links":{"self":[{"href":"https:\/\/telldietzenbach.de\/index.php?rest_route=\/wp\/v2\/pages\/69","targetHints":{"allow":["GET"]}}],"collection":[{"href":"https:\/\/telldietzenbach.de\/index.php?rest_route=\/wp\/v2\/pages"}],"about":[{"href":"https:\/\/telldietzenbach.de\/index.php?rest_route=\/wp\/v2\/types\/page"}],"author":[{"embeddable":true,"href":"https:\/\/telldietzenbach.de\/index.php?rest_route=\/wp\/v2\/users\/1"}],"replies":[{"embeddable":true,"href":"https:\/\/telldietzenbach.de\/index.php?rest_route=%2Fwp%2Fv2%2Fcomments&post=69"}],"version-history":[{"count":28,"href":"https:\/\/telldietzenbach.de\/index.php?rest_route=\/wp\/v2\/pages\/69\/revisions"}],"predecessor-version":[{"id":4116,"href":"https:\/\/telldietzenbach.de\/index.php?rest_route=\/wp\/v2\/pages\/69\/revisions\/4116"}],"up":[{"embeddable":true,"href":"https:\/\/telldietzenbach.de\/index.php?rest_route=\/wp\/v2\/pages\/77"}],"wp:attachment":[{"href":"https:\/\/telldietzenbach.de\/index.php?rest_route=%2Fwp%2Fv2%2Fmedia&parent=69"}],"curies":[{"name":"wp","href":"https:\/\/api.w.org\/{rel}","templated":true}]}}