{"id":77,"date":"2016-08-09T20:33:54","date_gmt":"2016-08-09T18:33:54","guid":{"rendered":"http:\/\/telldietzenbach.de\/?page_id=77"},"modified":"2025-03-28T06:22:14","modified_gmt":"2025-03-28T05:22:14","slug":"sport","status":"publish","type":"page","link":"https:\/\/telldietzenbach.de\/?page_id=77","title":{"rendered":"Sport"},"content":{"rendered":"<table><caption><strong>Sport\u00fcbersicht<\/strong><\/caption>\n<tfoot>\n<tr>\n<td colspan=\"3\">* externer Link ** Passwortgesch\u00fctzte Bereiche<\/td>\n<\/tr>\n<\/tfoot>\n<tbody>\n<tr>\n<th>Disziplin<\/th>\n<th>Sport<\/th>\n<th>Sonstiges<\/th>\n<\/tr>\n<tr>\n<td><a href=\"https:\/\/telldietzenbach.de\/?page_id=457\">Blasrohr<\/a><\/td>\n<td><a href=\"https:\/\/telldietzenbach.de\/?page_id=378\">Meisterschaften<\/a><\/td>\n<td><a href=\"http:\/\/www.nada.de\/\">Anti-Doping (NADA)<\/a>*<\/td>\n<\/tr>\n<tr>\n<td><a href=\"https:\/\/telldietzenbach.de\/?page_id=67\">Bogen<\/a><\/td>\n<td><a href=\"https:\/\/telldietzenbach.de\/?page_id=365\">Rundenk\u00e4mpfe<\/a><\/td>\n<td><a href=\"https:\/\/telldietzenbach.de\/?page_id=280\">Medaillienspiegel<\/a><\/td>\n<\/tr>\n<tr>\n<td><a href=\"https:\/\/telldietzenbach.de\/?page_id=71\">Gewehr<\/a><\/td>\n<td><a href=\"https:\/\/dsb.de\/fileadmin\/dsb\/sportordnung\/\">Sportordnung*<\/a><\/td>\n<td>\u00a0<\/td>\n<\/tr>\n<tr>\n<td><a href=\"https:\/\/telldietzenbach.de\/?page_id=69\">Pistole<\/a><\/td>\n<td><a href=\"https:\/\/telldietzenbach.de\/?page_id=156\">Wettkampfklassen<\/a><\/td>\n<td>\u00a0<\/td>\n<\/tr>\n<tr>\n<td><a href=\"https:\/\/telldietzenbach.de\/?page_id=64\">Trainingszeiten<\/a><\/td>\n<td>\u00a0<\/td>\n<td>\u00a0<\/td>\n<\/tr>\n<tr>\n<td>\u00a0<\/td>\n<td>\u00a0<\/td>\n<td>\u00a0<\/td>\n<\/tr>\n<tr>\n<th>Sportjahr**<\/th>\n<th>Ausschreibungen<\/th>\n<th>Leistungssport<\/th>\n<\/tr>\n<tr>\n<td><span style=\"color: #999999;\">Anmeldung Meisterschaften<\/span><\/td>\n<td>Liga*<\/td>\n<td><a href=\"http:\/\/bundesliga.dsb.de\/\">Bundesliga<\/a>*<\/td>\n<\/tr>\n<tr>\n<td><span style=\"color: #999999;\">Anmeldung Rundenk\u00e4mpfe<\/span><\/td>\n<td>Bezirksklassen*<\/td>\n<td><a href=\"http:\/\/www.bogenfax.de\/\">Bogenfax<\/a>*<\/td>\n<\/tr>\n<tr>\n<td><span style=\"color: #999999;\">Anmeldung Wettkampfp\u00e4sse<\/span><\/td>\n<td>Hessischer Sch\u00fctzenbund*<\/td>\n<td><a href=\"http:\/\/www.dsb.de\/\">Deutscher Sch\u00fctzenbund<\/a>*<\/td>\n<\/tr>\n<tr>\n<td><span style=\"color: #999999;\">Rangliste<\/span><\/td>\n<td>Deutsche Meisterschaft*<\/td>\n<td><a href=\"http:\/\/www.issf-sports.org\/\">International Sport Shooting Federation<\/a>*<\/td>\n<\/tr>\n<tr>\n<td><a href=\"https:\/\/telldietzenbach.de\/?page_id=944\">Startkarten<\/a><\/td>\n<td>\u00a0<\/td>\n<td><a href=\"https:\/\/worldarchery.org\/\">World Archery<\/a>*<\/td>\n<\/tr>\n<tr>\n<td>\u00a0<\/td>\n<td>\u00a0<\/td>\n<td><a href=\"https:\/\/www.olympic.org\/\">Olympische Spiele<\/a>*<\/td>\n<\/tr>\n<\/tbody>\n<\/table>\n\n\n<p><\/p>\n","protected":false},"excerpt":{"rendered":"<p>Sport\u00fcbersicht * externer Link ** Passwortgesch\u00fctzte Bereiche Disziplin Sport Sonstiges Blasrohr Meisterschaften Anti-Doping (NADA)* Bogen Rundenk\u00e4mpfe Medaillienspiegel Gewehr Sportordnung* \u00a0 Pistole Wettkampfklassen \u00a0 Trainingszeiten \u00a0 \u00a0 \u00a0 \u00a0 \u00a0 Sportjahr** Ausschreibungen Leistungssport Anmeldung Meisterschaften Liga* Bundesliga* Anmeldung Rundenk\u00e4mpfe Bezirksklassen* Bogenfax*<\/p>\n","protected":false},"author":1,"featured_media":0,"parent":0,"menu_order":0,"comment_status":"closed","ping_status":"closed","template":"","meta":{"ngg_post_thumbnail":0,"footnotes":""},"class_list":["post-77","page","type-page","status-publish","hentry"],"_links":{"self":[{"href":"https:\/\/telldietzenbach.de\/index.php?rest_route=\/wp\/v2\/pages\/77","targetHints":{"allow":["GET"]}}],"collection":[{"href":"https:\/\/telldietzenbach.de\/index.php?rest_route=\/wp\/v2\/pages"}],"about":[{"href":"https:\/\/telldietzenbach.de\/index.php?rest_route=\/wp\/v2\/types\/page"}],"author":[{"embeddable":true,"href":"https:\/\/telldietzenbach.de\/index.php?rest_route=\/wp\/v2\/users\/1"}],"replies":[{"embeddable":true,"href":"https:\/\/telldietzenbach.de\/index.php?rest_route=%2Fwp%2Fv2%2Fcomments&post=77"}],"version-history":[{"count":50,"href":"https:\/\/telldietzenbach.de\/index.php?rest_route=\/wp\/v2\/pages\/77\/revisions"}],"predecessor-version":[{"id":4217,"href":"https:\/\/telldietzenbach.de\/index.php?rest_route=\/wp\/v2\/pages\/77\/revisions\/4217"}],"wp:attachment":[{"href":"https:\/\/telldietzenbach.de\/index.php?rest_route=%2Fwp%2Fv2%2Fmedia&parent=77"}],"curies":[{"name":"wp","href":"https:\/\/api.w.org\/{rel}","templated":true}]}}